{"id":21,"date":"2010-04-02T16:36:31","date_gmt":"2010-04-02T16:36:31","guid":{"rendered":"http:\/\/www.grayffiti.com\/wordpress\/?page_id=21"},"modified":"2025-06-09T11:11:48","modified_gmt":"2025-06-09T10:11:48","slug":"disclosure","status":"publish","type":"page","link":"http:\/\/www.grayffiti.com\/wordpress\/?page_id=21","title":{"rendered":"Disclosure"},"content":{"rendered":"<p>According to German law &#8222;Telemediengesetz&#8220;:<br \/>\nAddress: Olaf Kortz, Seestr. 187, 21514 G\u00fcster<br \/>\nTelefon: +49 4158 730 39 40,E-Mail: info@grayffiti.com<br \/>\nInternet: www.grayffiti.com<br \/>\nInhaltlich Verantwortlicher gem\u00e4\u00df \u00a7 10 Absatz 3 MDStV: Olaf Kortz<br \/>\nHaftungshinweis: Trotz sorgf\u00e4ltiger inhaltlicher Kontrolle \u00fcbernehmen ich keine Haftung f\u00fcr die Inhalte externer Links. F\u00fcr den Inhalt der verlinkten Seiten sind ausschlie\u00dflich deren Betreiber verantwortlich.<\/p>\n","protected":false},"excerpt":{"rendered":"<p>According to German law &#8222;Telemediengesetz&#8220;: Address: Olaf Kortz, Seestr. 187, 21514 G\u00fcster Telefon: +49 4158 730 39 40,E-Mail: info@grayffiti.com Internet: www.grayffiti.com Inhaltlich Verantwortlicher gem\u00e4\u00df \u00a7 10 Absatz 3 MDStV: Olaf Kortz Haftungshinweis: Trotz sorgf\u00e4ltiger inhaltlicher Kontrolle \u00fcbernehmen ich keine Haftung f\u00fcr die Inhalte externer Links. F\u00fcr den Inhalt der verlinkten Seiten sind ausschlie\u00dflich deren Betreiber [&hellip;]<\/p>\n","protected":false},"author":1,"featured_media":0,"parent":0,"menu_order":0,"comment_status":"open","ping_status":"open","template":"","meta":[],"_links":{"self":[{"href":"http:\/\/www.grayffiti.com\/wordpress\/index.php?rest_route=\/wp\/v2\/pages\/21"}],"collection":[{"href":"http:\/\/www.grayffiti.com\/wordpress\/index.php?rest_route=\/wp\/v2\/pages"}],"about":[{"href":"http:\/\/www.grayffiti.com\/wordpress\/index.php?rest_route=\/wp\/v2\/types\/page"}],"author":[{"embeddable":true,"href":"http:\/\/www.grayffiti.com\/wordpress\/index.php?rest_route=\/wp\/v2\/users\/1"}],"replies":[{"embeddable":true,"href":"http:\/\/www.grayffiti.com\/wordpress\/index.php?rest_route=%2Fwp%2Fv2%2Fcomments&post=21"}],"version-history":[{"count":6,"href":"http:\/\/www.grayffiti.com\/wordpress\/index.php?rest_route=\/wp\/v2\/pages\/21\/revisions"}],"predecessor-version":[{"id":618,"href":"http:\/\/www.grayffiti.com\/wordpress\/index.php?rest_route=\/wp\/v2\/pages\/21\/revisions\/618"}],"wp:attachment":[{"href":"http:\/\/www.grayffiti.com\/wordpress\/index.php?rest_route=%2Fwp%2Fv2%2Fmedia&parent=21"}],"curies":[{"name":"wp","href":"https:\/\/api.w.org\/{rel}","templated":true}]}}